{"id":585,"date":"2024-11-26T15:08:07","date_gmt":"2024-11-26T15:08:07","guid":{"rendered":"https:\/\/cupkingalbania.growdevs.com\/?page_id=585"},"modified":"2024-12-04T10:13:02","modified_gmt":"2024-12-04T10:13:02","slug":"kushtet-dhe-afatet","status":"publish","type":"page","link":"https:\/\/cupkingalbania.al\/en\/kushtet-dhe-afatet\/","title":{"rendered":"Terms &amp; Conditions"},"content":{"rendered":"<div class=\"gb-container gb-container-b9714982 alignfull\">\n<div class=\"gb-container gb-container-21a452ab contained\">\n\n<h1 class=\"gb-headline gb-headline-5630afdb gb-headline-text\"><strong>Terms &amp; Conditions<\/strong><\/h1>\n\n\n\n<p>Welcome to the official CupKing website. By browsing the entire website, you agree to these terms and conditions and agree to be bound by these terms of use. Please read these terms carefully before continuing to browse our website.<\/p>\n\n\n\n<p><strong>1. Use of Content<\/strong><\/p>\n\n\n\n<p>All content on this website, including text, images, logos and other materials, is the property of CupKing and is protected by copyright laws. Reproduction, distribution or use of the content without express permission from CupKing is prohibited.<\/p>\n\n\n\n<p><strong>2. Use of the Website<\/strong><\/p>\n\n\n\n<p>Users must respect ethical standards and not publish materials that are inappropriate, offensive, illegal, or infringe the rights of others. CupKing reserves the right to delete content that violates these rules.<\/p>\n\n\n\n<p><strong>3. Privacy<\/strong><\/p>\n\n\n\n<p>T\u00eb dh\u00ebnat tuaja personale do t\u00eb p\u00ebrpunohen n\u00eb p\u00ebrputhje me Politik\u00ebn ton\u00eb t\u00eb Privat\u00ebsis\u00eb. Ne i kushtojm\u00eb r\u00ebnd\u00ebsi mbrojtjes s\u00eb t\u00eb dh\u00ebnave tuaja dhe nuk do t'i shp\u00ebrndajm\u00eb ato, p\u00ebrve\u00e7se kur k\u00ebrkohet nga ligji.<\/p>\n\n\n\n<p><strong>4. Changes to the Terms of Use<\/strong><\/p>\n\n\n\n<p>CupKing reserves the right to change these terms at any time. Changes will be made known to users by updating this page. Continued use of the site after changes constitute acceptance of the new terms.<\/p>\n\n\n\n<p><strong>5. Links to Third Party Sites<\/strong><\/p>\n\n\n\n<p>This site may contain links to other sites, for which we are not responsible for the content or privacy policies of these third-party sites. Your use of other sites is at your own risk.<\/p>\n\n\n\n<p><strong>6. Legal Liability<\/strong><\/p>\n\n\n\n<p>Your use of this site is at your own risk. We are not responsible for any damage or loss that may arise from your use of this site, including computer viruses, technical failures or unauthorized interference.<\/p>\n\n\n\n<p><strong>7. Contact Us<\/strong><\/p>\n\n\n\n<p>For any questions or clarifications about the terms of use, please contact us at the email address:&nbsp;<a>info@cupkingalbania.al<\/a>&nbsp;or at the phone number: +355692077880.<\/p>\n\n<\/div>\n<\/div>","protected":false},"excerpt":{"rendered":"<p>Kushtet dhe afatet Mir\u00eb se vini n\u00eb faqen zyrtare t\u00eb CupKing. Duke p\u00ebrdorur k\u00ebt\u00eb faqe interneti, ju pranoni dhe pajtoheni me kushtet e m\u00ebposhtme t\u00eb p\u00ebrdorimit. Ju lutemi lexoni me kujdes k\u00ebto kushte p\u00ebrpara se t\u00eb vazhdoni me p\u00ebrdorimin e faqes son\u00eb. 1. P\u00ebrdorimi i P\u00ebrmbajtjes E gjith\u00eb p\u00ebrmbajtja e k\u00ebsaj faqeje interneti, p\u00ebrfshir\u00eb tekstet, &#8230; <a title=\"Terms &amp; Conditions\" class=\"read-more\" href=\"https:\/\/cupkingalbania.al\/en\/kushtet-dhe-afatet\/\" aria-label=\"Read more about Kushtet dhe afatet\">Read more<\/a><\/p>","protected":false},"author":1,"featured_media":0,"parent":0,"menu_order":0,"comment_status":"closed","ping_status":"closed","template":"","meta":{"footnotes":""},"class_list":["post-585","page","type-page","status-publish"],"_links":{"self":[{"href":"https:\/\/cupkingalbania.al\/en\/wp-json\/wp\/v2\/pages\/585","targetHints":{"allow":["GET"]}}],"collection":[{"href":"https:\/\/cupkingalbania.al\/en\/wp-json\/wp\/v2\/pages"}],"about":[{"href":"https:\/\/cupkingalbania.al\/en\/wp-json\/wp\/v2\/types\/page"}],"author":[{"embeddable":true,"href":"https:\/\/cupkingalbania.al\/en\/wp-json\/wp\/v2\/users\/1"}],"replies":[{"embeddable":true,"href":"https:\/\/cupkingalbania.al\/en\/wp-json\/wp\/v2\/comments?post=585"}],"version-history":[{"count":5,"href":"https:\/\/cupkingalbania.al\/en\/wp-json\/wp\/v2\/pages\/585\/revisions"}],"predecessor-version":[{"id":640,"href":"https:\/\/cupkingalbania.al\/en\/wp-json\/wp\/v2\/pages\/585\/revisions\/640"}],"wp:attachment":[{"href":"https:\/\/cupkingalbania.al\/en\/wp-json\/wp\/v2\/media?parent=585"}],"curies":[{"name":"wp","href":"https:\/\/api.w.org\/{rel}","templated":true}]}}