{"id":2,"date":"2024-11-25T14:21:43","date_gmt":"2024-11-25T14:21:43","guid":{"rendered":"https:\/\/cupkingalbania.growdevs.com\/?page_id=2"},"modified":"2024-11-26T14:22:46","modified_gmt":"2024-11-26T14:22:46","slug":"home","status":"publish","type":"page","link":"https:\/\/cupkingalbania.al\/en\/","title":{"rendered":"home"},"content":{"rendered":"<div class=\"gb-container gb-container-142d19d9 alignfull\">\n<div class=\"gb-grid-wrapper gb-grid-wrapper-cf89895c\">\n<div class=\"gb-grid-column gb-grid-column-c711eb67\"><div class=\"gb-container gb-container-c711eb67 akullore-background-gradient home-box-gradient\"><a class=\"gb-container-link\" href=\"https:\/\/cupkingalbania.al\/en\/produkte\/#akullore\"><\/a>\n<div class=\"gb-container gb-container-f15c5109\">\n\n<figure class=\"gb-block-image gb-block-image-5c92fca6\"><img loading=\"lazy\" decoding=\"async\" width=\"53\" height=\"53\" class=\"gb-image gb-image-5c92fca6\" src=\"https:\/\/cupkingalbania.al\/wp-content\/uploads\/2024\/11\/iconakullore.png\" alt=\"\" title=\"iconakullore\"\/><\/figure>\n\n\n\n<h2 class=\"gb-headline gb-headline-ffe1400d gb-headline-text\">Ice Cream<\/h2>\n\n\n<div class=\"gb-container gb-container-6cad4d2b\">\n\n<figure class=\"gb-block-image gb-block-image-f1aff0e4\"><img loading=\"lazy\" decoding=\"async\" width=\"496\" height=\"680\" class=\"gb-image gb-image-f1aff0e4\" src=\"https:\/\/cupkingalbania.al\/wp-content\/uploads\/2024\/11\/Group-20-1-1.png\" alt=\"\" title=\"Group-20-1 (1)\" srcset=\"https:\/\/cupkingalbania.al\/wp-content\/uploads\/2024\/11\/Group-20-1-1.png 496w, https:\/\/cupkingalbania.al\/wp-content\/uploads\/2024\/11\/Group-20-1-1-219x300.png 219w\" sizes=\"auto, (max-width: 496px) 100vw, 496px\" \/><\/figure>\n\n<\/div>\n<\/div>\n<\/div><\/div>\n\n<div class=\"gb-grid-column gb-grid-column-d6ae7fa3\"><div class=\"gb-container gb-container-d6ae7fa3 home-box-gradient pije-gradient\"><a class=\"gb-container-link\" href=\"https:\/\/cupkingalbania.al\/en\/produkte\/#pije\"><\/a>\n<div class=\"gb-container gb-container-5d1b39e1 pije-gradient\">\n\n<figure class=\"gb-block-image gb-block-image-e97ae22d\"><img loading=\"lazy\" decoding=\"async\" width=\"53\" height=\"53\" class=\"gb-image gb-image-e97ae22d\" src=\"https:\/\/cupkingalbania.al\/wp-content\/uploads\/2024\/11\/iconsdrink.png\" alt=\"\" title=\"iconsdrink\"\/><\/figure>\n\n\n\n<h2 class=\"gb-headline gb-headline-7496c1c1 gb-headline-text\">Beverages<\/h2>\n\n\n<div class=\"gb-container gb-container-64b64460\">\n\n<figure class=\"gb-block-image gb-block-image-78285428\"><img loading=\"lazy\" decoding=\"async\" width=\"384\" height=\"888\" class=\"gb-image gb-image-78285428\" src=\"https:\/\/cupkingalbania.al\/wp-content\/uploads\/2024\/11\/Group-19.png\" alt=\"\" title=\"Group-19\" srcset=\"https:\/\/cupkingalbania.al\/wp-content\/uploads\/2024\/11\/Group-19.png 384w, https:\/\/cupkingalbania.al\/wp-content\/uploads\/2024\/11\/Group-19-130x300.png 130w\" sizes=\"auto, (max-width: 384px) 100vw, 384px\" \/><\/figure>\n\n<\/div>\n<\/div>\n<\/div><\/div>\n\n<div class=\"gb-grid-column gb-grid-column-cfea2ab1\"><div class=\"gb-container gb-container-cfea2ab1 home-box-gradient risi-box\">\n\n<div class=\"gb-headline gb-headline-098ffe8d gb-headline-text\">NEW<\/div>\n\n<\/div><\/div>\n\n<div class=\"gb-grid-column gb-grid-column-c100166d\"><div class=\"gb-container gb-container-c100166d home-box-gradient e-cup-gradient\">\n<div class=\"gb-container gb-container-5243ede7 pije-gradient\">\n\n<figure class=\"gb-block-image gb-block-image-80425038\"><img loading=\"lazy\" decoding=\"async\" width=\"53\" height=\"55\" class=\"gb-image gb-image-80425038\" src=\"https:\/\/cupkingalbania.al\/wp-content\/uploads\/2024\/11\/iconicup.png\" alt=\"\" title=\"iconicup\"\/><\/figure>\n\n\n\n<h2 class=\"gb-headline gb-headline-9a0b0cb8 gb-headline-text\">E-CUP<\/h2>\n\n\n<div class=\"gb-container gb-container-7077d6d2\">\n\n<figure class=\"gb-block-image gb-block-image-6732e31d\"><img loading=\"lazy\" decoding=\"async\" width=\"214\" height=\"464\" class=\"gb-image gb-image-6732e31d\" src=\"https:\/\/cupkingalbania.al\/wp-content\/uploads\/2024\/11\/home-ecup-calzata-6-4.png\" alt=\"\" title=\"home-ecup-calzata-6-4\" srcset=\"https:\/\/cupkingalbania.al\/wp-content\/uploads\/2024\/11\/home-ecup-calzata-6-4.png 214w, https:\/\/cupkingalbania.al\/wp-content\/uploads\/2024\/11\/home-ecup-calzata-6-4-138x300.png 138w\" sizes=\"auto, (max-width: 214px) 100vw, 214px\" \/><\/figure>\n\n<\/div>\n<\/div>\n<\/div><\/div>\n\n<div class=\"gb-grid-column gb-grid-column-6c5d3297\"><div class=\"gb-container gb-container-6c5d3297 home-box-gradient kafe-gradient\"><a class=\"gb-container-link\" href=\"https:\/\/cupkingalbania.al\/en\/produkte\/#kafe\"><\/a>\n<div class=\"gb-container gb-container-3c0024cf pije-gradient\">\n\n<figure class=\"gb-block-image gb-block-image-6a3454d1\"><img loading=\"lazy\" decoding=\"async\" width=\"53\" height=\"53\" class=\"gb-image gb-image-6a3454d1\" src=\"https:\/\/cupkingalbania.al\/wp-content\/uploads\/2024\/11\/iconkafe.png\" alt=\"\" title=\"iconkafe\"\/><\/figure>\n\n\n\n<h2 class=\"gb-headline gb-headline-f98efe4e gb-headline-text\">Coffee<\/h2>\n\n\n<div class=\"gb-container gb-container-f5a7ccf7\">\n\n<figure class=\"gb-block-image gb-block-image-6639f82a\"><img loading=\"lazy\" decoding=\"async\" width=\"376\" height=\"720\" class=\"gb-image gb-image-6639f82a\" src=\"https:\/\/cupkingalbania.al\/wp-content\/uploads\/2024\/11\/Group-21.png\" alt=\"\" title=\"Group-21\" srcset=\"https:\/\/cupkingalbania.al\/wp-content\/uploads\/2024\/11\/Group-21.png 376w, https:\/\/cupkingalbania.al\/wp-content\/uploads\/2024\/11\/Group-21-157x300.png 157w\" sizes=\"auto, (max-width: 376px) 100vw, 376px\" \/><\/figure>\n\n<\/div>\n<\/div>\n<\/div><\/div>\n<\/div>\n\n\n<h2 class=\"gb-headline gb-headline-7b5508c7 gb-headline-text\"><strong>CupKing<\/strong> ensures <mark style=\"background-color:rgba(0, 0, 0, 0)\" class=\"has-inline-color has-accent-color\">quality<\/mark>, we protect <mark style=\"background-color:rgba(0, 0, 0, 0)\" class=\"has-inline-color has-accent-color\">life<\/mark>.<\/h2>\n\n<\/div>\n\n<div class=\"gb-container gb-container-8cda88a0 alignfull\">\n<div class=\"gb-container gb-container-407a2cfe\">\n\n<h2 class=\"gb-headline gb-headline-909512b0 gb-headline-text\">Stay Updated with the Latest from CupKing<\/h2>\n\n\n<div class=\"gb-container gb-container-de1400ae newsletter-form\">\n<div class='fluentform ff-inherit-theme-style fluentform_wrapper_3  ff_guten_block'><form data-form_id=\"3\" id=\"fluentform_3\" class=\"frm-fluent-form fluent_form_3 ff-el-form-top ff_form_instance_3_1 ff-form-loading ffs_inherit_theme\" data-form_instance=\"ff_form_instance_3_1\" method=\"POST\" action=\"\" ><fieldset  style=\"border: none!important;margin: 0!important;padding: 0!important;background-color: transparent!important;box-shadow: none!important;outline: none!important; min-inline-size: 100%;\">\n                    <legend class=\"ff_screen_reader_title\" style=\"display: block; margin: 0!important;padding: 0!important;height: 0!important;text-indent: -999999px;width: 0!important;overflow:hidden;\">newsletter<\/legend><input type='hidden' name='__fluent_form_embded_post_id' value='2' \/><input type=\"hidden\" id=\"_fluentform_3_fluentformnonce\" name=\"_fluentform_3_fluentformnonce\" value=\"67d1a1c00d\" \/><input type=\"hidden\" name=\"_wp_http_referer\" value=\"\/en\/wp-json\/wp\/v2\/pages\/2\" \/><div class='ff-el-group ff-el-form-hide_label'><div class=\"ff-el-input--label ff-el-is-required asterisk-right\"><label for='ff_3_email' aria-label=\"Email\">Email<\/label><\/div><div class='ff-el-input--content'><input type=\"email\" name=\"email\" id=\"ff_3_email\" class=\"ff-el-form-control\" placeholder=\"Your Email\" data-name=\"email\"  aria-invalid=\"false\" aria-required=\"true\"><\/div><\/div><div class='ff-el-group    ff-el-input--content'><div class='ff-el-form-check ff-el-tc'><label aria-label='Terms and Conditions: Un\u00eb pranoj p\u00ebrpunimin e t\u00eb dh\u00ebnave t\u00eb mia personale n\u00eb p\u00ebrputhje me nenin 12 t\u00eb GDPR-s\u00eb, lidhur me  POLITIKAT E PRIVAT\u00cbSIS\u00cb. Contains 1 link. Use tab navigation to review.' class='ff-el-form-check-label ff_tc_label' for=\"gdpr-agreement_cd389ea7a3b0a2f7a3418a8620623ddb\"><span class='ff_tc_checkbox'><input type=\"checkbox\" name=\"gdpr-agreement\" class=\"ff-el-form-check-input ff_gdpr_field\" data-name=\"gdpr-agreement\" id=\"gdpr-agreement_cd389ea7a3b0a2f7a3418a8620623ddb\"  value='on' aria-invalid='false' aria-required=\"true\"><\/span> <div class='ff_t_c'>I agree to the processing of my personal data in accordance with Article 12 of GDPR, regarding the <a href=\"https:\/\/cupkingalbania.al\/en\/privacy-policy\/\"> PRIVACY POLICY<\/a>.<\/div><\/label><\/div><\/div><div class='ff-el-group ff-text-left ff_submit_btn_wrapper'><button type=\"submit\" class=\"ff-btn ff-btn-submit ff-btn-md ff_btn_no_style\" >Submit<\/button><\/div><\/fieldset><input type=\"hidden\" name=\"trp-form-language\" value=\"en\"\/><\/form><div id='fluentform_3_errors' class='ff-errors-in-stack ff_form_instance_3_1 ff-form-loading_errors ff_form_instance_3_1_errors'><\/div><\/div>        <script type=\"text\/javascript\">\n            window.fluent_form_ff_form_instance_3_1 = {\"id\":\"3\",\"settings\":{\"layout\":{\"labelPlacement\":\"top\",\"asteriskPlacement\":\"asterisk-right\",\"helpMessagePlacement\":\"with_label\",\"errorMessagePlacement\":\"inline\",\"cssClassName\":\"\"},\"restrictions\":{\"denyEmptySubmission\":{\"enabled\":false}}},\"form_instance\":\"ff_form_instance_3_1\",\"form_id_selector\":\"fluentform_3\",\"rules\":{\"email\":{\"required\":{\"value\":true,\"message\":\"This field is required\",\"global_message\":\"This field is required\",\"global\":true},\"email\":{\"value\":true,\"message\":\"This field must contain a valid email\",\"global_message\":\"This field must contain a valid email\",\"global\":true}},\"gdpr-agreement\":{\"required\":{\"value\":true,\"message\":\"This field is required\",\"global_message\":\"This field is required\",\"global\":true}}},\"debounce_time\":300};\n                    <\/script>\n        \n<\/div>\n<\/div>\n<\/div>","protected":false},"excerpt":{"rendered":"<p>CupKing sigurojm\u00eb cil\u00ebsin\u00eb, mbrojm\u00eb jet\u00ebn. Informohuni rreth t\u00eb rejave m\u00eb t\u00eb fundit t\u00eb CupKing<\/p>","protected":false},"author":1,"featured_media":0,"parent":0,"menu_order":0,"comment_status":"closed","ping_status":"closed","template":"","meta":{"footnotes":""},"class_list":["post-2","page","type-page","status-publish"],"_links":{"self":[{"href":"https:\/\/cupkingalbania.al\/en\/wp-json\/wp\/v2\/pages\/2","targetHints":{"allow":["GET"]}}],"collection":[{"href":"https:\/\/cupkingalbania.al\/en\/wp-json\/wp\/v2\/pages"}],"about":[{"href":"https:\/\/cupkingalbania.al\/en\/wp-json\/wp\/v2\/types\/page"}],"author":[{"embeddable":true,"href":"https:\/\/cupkingalbania.al\/en\/wp-json\/wp\/v2\/users\/1"}],"replies":[{"embeddable":true,"href":"https:\/\/cupkingalbania.al\/en\/wp-json\/wp\/v2\/comments?post=2"}],"version-history":[{"count":108,"href":"https:\/\/cupkingalbania.al\/en\/wp-json\/wp\/v2\/pages\/2\/revisions"}],"predecessor-version":[{"id":557,"href":"https:\/\/cupkingalbania.al\/en\/wp-json\/wp\/v2\/pages\/2\/revisions\/557"}],"wp:attachment":[{"href":"https:\/\/cupkingalbania.al\/en\/wp-json\/wp\/v2\/media?parent=2"}],"curies":[{"name":"wp","href":"https:\/\/api.w.org\/{rel}","templated":true}]}}